{"id":87,"date":"2018-10-29T10:33:57","date_gmt":"2018-10-29T09:33:57","guid":{"rendered":"http:\/\/localhost\/rhs-wp\/?page_id=87"},"modified":"2025-10-03T12:34:17","modified_gmt":"2025-10-03T11:34:17","slug":"historie","status":"publish","type":"page","link":"https:\/\/www.reinstetter-harmonika-spielring.de\/wp\/historie\/","title":{"rendered":"Historie"},"content":{"rendered":"<p>Am 06. Juni 1986 begann im Gasthaus &#8222;B\u00fcrgerst\u00fcble&#8220; bei Familie Uhl die Vereinsgeschichte des Reinstetter Harmonika-Spielrings e.V.<\/p>\n<p>Die erste Vorstandschaft setzte sich wie folgt zusammen:<\/p>\n<p>1. Vorsitzender: Erich Wiedemann<br \/>\n2. Vorsitzender: Josef Steidele<br \/>\nKassiererin: Marion K\u00f6hler<br \/>\nSchriftf\u00fchrerin: Regina Gropper<br \/>\nDirigent: Eugen Sauter<br \/>\nJugendleiterin: Hannelore Dolderer<br \/>\nAktive Ausschussmitglieder: Claudia Steidele, Karin Aumann, Nicole Rapp<br \/>\nPassive Ausschussmitglieder: Anneliese Sch\u00e4dler, Inge Rapp, Peter Lutz<\/p>\n<p>In der Zwischenzeit wechselten die Mitglieder der Vorstandschaft, bedingt durch Austritte und Neuwahlen.<\/p>\n<p>Zu den allj\u00e4hrlich wiederkehrenden Veranstaltungen wie den Konzerten, Vereinsausfl\u00fcgen, Probewochenenden und Geburtstagsst\u00e4ndchen kommen noch zahlreiche H\u00f6hepunkte dazu, die f\u00fcr alle Beteiligten unvergesslich geblieben sind.<\/p>\n","protected":false},"excerpt":{"rendered":"<p>Am 06. Juni 1986 begann im Gasthaus &#8222;B\u00fcrgerst\u00fcble&#8220; bei Familie Uhl die Vereinsgeschichte des Reinstetter Harmonika-Spielrings e.V. Die erste Vorstandschaft setzte sich wie folgt zusammen: 1. Vorsitzender: Erich Wiedemann 2. Vorsitzender: Josef Steidele Kassiererin: Marion K\u00f6hler Schriftf\u00fchrerin: Regina Gropper Dirigent: Eugen Sauter Jugendleiterin: Hannelore Dolderer Aktive Ausschussmitglieder: Claudia Steidele, Karin Aumann, Nicole Rapp Passive Ausschussmitglieder:&hellip;<\/p>\n","protected":false},"author":1,"featured_media":1950,"parent":0,"menu_order":40,"comment_status":"closed","ping_status":"closed","template":"","meta":{"ngg_post_thumbnail":0,"footnotes":""},"publishpress_future_action":{"enabled":false,"date":"2026-04-12 09:18:40","action":"change-status","newStatus":"draft","terms":[],"taxonomy":""},"publishpress_future_workflow_manual_trigger":{"enabledWorkflows":[]},"_links":{"self":[{"href":"https:\/\/www.reinstetter-harmonika-spielring.de\/wp\/wp-json\/wp\/v2\/pages\/87"}],"collection":[{"href":"https:\/\/www.reinstetter-harmonika-spielring.de\/wp\/wp-json\/wp\/v2\/pages"}],"about":[{"href":"https:\/\/www.reinstetter-harmonika-spielring.de\/wp\/wp-json\/wp\/v2\/types\/page"}],"author":[{"embeddable":true,"href":"https:\/\/www.reinstetter-harmonika-spielring.de\/wp\/wp-json\/wp\/v2\/users\/1"}],"replies":[{"embeddable":true,"href":"https:\/\/www.reinstetter-harmonika-spielring.de\/wp\/wp-json\/wp\/v2\/comments?post=87"}],"version-history":[{"count":2,"href":"https:\/\/www.reinstetter-harmonika-spielring.de\/wp\/wp-json\/wp\/v2\/pages\/87\/revisions"}],"predecessor-version":[{"id":1927,"href":"https:\/\/www.reinstetter-harmonika-spielring.de\/wp\/wp-json\/wp\/v2\/pages\/87\/revisions\/1927"}],"wp:featuredmedia":[{"embeddable":true,"href":"https:\/\/www.reinstetter-harmonika-spielring.de\/wp\/wp-json\/wp\/v2\/media\/1950"}],"wp:attachment":[{"href":"https:\/\/www.reinstetter-harmonika-spielring.de\/wp\/wp-json\/wp\/v2\/media?parent=87"}],"curies":[{"name":"wp","href":"https:\/\/api.w.org\/{rel}","templated":true}]}}